{"id":18,"date":"2024-01-17T19:10:48","date_gmt":"2024-01-17T19:10:48","guid":{"rendered":"https:\/\/pediatramayra.com\/?page_id=18"},"modified":"2024-01-18T23:47:29","modified_gmt":"2024-01-18T23:47:29","slug":"servicios","status":"publish","type":"page","link":"https:\/\/pediatramayra.com\/index.php\/servicios\/","title":{"rendered":"Servicios"},"content":{"rendered":"<p>[et_pb_section fb_built=\u00bb1&#8243; admin_label=\u00bbHeader\u00bb _builder_version=\u00bb4.20.4&#8243; _module_preset=\u00bbdefault\u00bb background_color=\u00bb#EE7746&#8243; overflow-x=\u00bbhidden\u00bb overflow-y=\u00bbhidden\u00bb custom_padding=\u00bb0px||0px||true|false\u00bb locked=\u00bboff\u00bb collapsed=\u00bbon\u00bb global_colors_info=\u00bb{}\u00bb][et_pb_row column_structure=\u00bb3_5,2_5&#8243; make_equal=\u00bbon\u00bb _builder_version=\u00bb4.20.4&#8243; _module_preset=\u00bbdefault\u00bb custom_padding=\u00bb0px||0px||true|false\u00bb global_colors_info=\u00bb{}\u00bb][et_pb_column type=\u00bb3_5&#8243; _builder_version=\u00bb4.20.4&#8243; _module_preset=\u00bbdefault\u00bb background_color=\u00bb#EE7746&#8243; z_index=\u00bb10&#8243; custom_padding=\u00bb6vw||60px||false|false\u00bb custom_padding_tablet=\u00bb||||false|false\u00bb custom_padding_phone=\u00bb||30px||false|false\u00bb custom_padding_last_edited=\u00bboff|desktop\u00bb global_colors_info=\u00bb{}\u00bb][et_pb_image src=\u00bbhttps:\/\/pediatramayra.com\/wp-content\/uploads\/2024\/01\/2.2-Inicio-PediatraMayraAlfaro.png\u00bb title_text=\u00bb2.2-Inicio-PediatraMayraAlfaro\u00bb _builder_version=\u00bb4.20.4&#8243; _module_preset=\u00bbdefault\u00bb transform_translate=\u00bb-110%|0px\u00bb transform_translate_linked=\u00bboff\u00bb positioning=\u00bbabsolute\u00bb width=\u00bb40%\u00bb locked=\u00bboff\u00bb global_colors_info=\u00bb{}\u00bb][\/et_pb_image][et_pb_text _builder_version=\u00bb4.20.4&#8243; _module_preset=\u00bbf01d74a2-ccf1-4c35-8f13-95db5f407791&#8243; header_font=\u00bbMontserrat|800|||||||\u00bb header_text_align=\u00bbleft\u00bb header_text_color=\u00bb#FFFFFF\u00bb header_font_size=\u00bb65px\u00bb text_orientation=\u00bbcenter\u00bb custom_margin=\u00bb100px||10px||false|false\u00bb custom_margin_tablet=\u00bb100px||10px||false|false\u00bb custom_margin_phone=\u00bb100px||10px||false|false\u00bb custom_margin_last_edited=\u00bbon|desktop\u00bb locked=\u00bboff\u00bb global_colors_info=\u00bb{}\u00bb]<\/p>\n<h1 style=\"text-align: left;\">Conoce nuestros servicios de Pediatr\u00eda<\/h1>\n<p>[\/et_pb_text][et_pb_button button_url=\u00bbhttps:\/\/wa.link\/oc577n\u00bb button_text=\u00bbHacer una cita\u00bb _builder_version=\u00bb4.20.4&#8243; _module_preset=\u00bb860c537d-0ed6-42cd-9ecd-e49993b7f32a\u00bb button_bg_color=\u00bb#7955DE\u00bb button_font=\u00bbMontserrat|600||on|||||\u00bb button_icon=\u00bb&#xe023;||divi||400&#8243; custom_margin=\u00bb30px||30px||false|false\u00bb custom_padding=\u00bb18px|30px|18px|24px|true|false\u00bb locked=\u00bboff\u00bb global_colors_info=\u00bb{}\u00bb][\/et_pb_button][\/et_pb_column][et_pb_column type=\u00bb2_5&#8243; _builder_version=\u00bb4.22.1&#8243; _module_preset=\u00bbdefault\u00bb global_colors_info=\u00bb{}\u00bb][et_pb_image src=\u00bbhttps:\/\/pediatramayra.com\/wp-content\/uploads\/2024\/01\/4.1-Servicios-PediatraMayraAlfaro.jpg\u00bb title_text=\u00bb4.1 Servicios-PediatraMayraAlfaro\u00bb _builder_version=\u00bb4.20.4&#8243; _module_preset=\u00bbdefault\u00bb min_height=\u00bb100%\u00bb max_height=\u00bb100%\u00bb custom_margin=\u00bb0px|-12vw|0px||false|false\u00bb custom_margin_tablet=\u00bb|0vw|||false|false\u00bb custom_margin_phone=\u00bb|0vw|||false|false\u00bb custom_margin_last_edited=\u00bbon|tablet\u00bb custom_padding=\u00bb0px||0px||false|false\u00bb hover_enabled=\u00bb0&#8243; border_radii=\u00bboff||||\u00bb locked=\u00bboff\u00bb global_colors_info=\u00bb{}\u00bb sticky_enabled=\u00bb0&#8243;][\/et_pb_image][\/et_pb_column][\/et_pb_row][\/et_pb_section][et_pb_section fb_built=\u00bb1&#8243; admin_label=\u00bbServices\u00bb _builder_version=\u00bb4.22.1&#8243; _module_preset=\u00bbdefault\u00bb locked=\u00bboff\u00bb collapsed=\u00bbon\u00bb global_colors_info=\u00bb{}\u00bb][et_pb_row column_structure=\u00bb1_3,1_3,1_3&#8243; make_equal=\u00bbon\u00bb custom_padding_last_edited=\u00bbon|tablet\u00bb _builder_version=\u00bb4.20.4&#8243; _module_preset=\u00bbdefault\u00bb custom_padding_tablet=\u00bb||0px||false|false\u00bb custom_padding_phone=\u00bb||0px||false|false\u00bb global_colors_info=\u00bb{}\u00bb][et_pb_column type=\u00bb1_3&#8243; _builder_version=\u00bb4.22.1&#8243; _module_preset=\u00bbdefault\u00bb background_color=\u00bbgcid-924bddf2-c0ef-4ef9-b028-8630e1b50bab\u00bb custom_padding=\u00bb40px|40px|40px|40px|true|true\u00bb custom_padding_tablet=\u00bb30px|30px|30px|30px|true|true\u00bb custom_padding_phone=\u00bb20px|20px|20px|20px|true|true\u00bb custom_padding_last_edited=\u00bbon|desktop\u00bb border_radii=\u00bbon|10px|10px|10px|10px\u00bb global_colors_info=\u00bb{%22gcid-924bddf2-c0ef-4ef9-b028-8630e1b50bab%22:%91%22background_color%22%93}\u00bb][et_pb_icon font_icon=\u00bb&#xf0f0;||fa||900&#8243; icon_color=\u00bb#29B8EC\u00bb icon_width=\u00bb40px\u00bb _builder_version=\u00bb4.20.4&#8243; _module_preset=\u00bbdefault\u00bb locked=\u00bboff\u00bb global_colors_info=\u00bb{}\u00bb][\/et_pb_icon][et_pb_text _builder_version=\u00bb4.20.4&#8243; _module_preset=\u00bb2685ffac-145c-4678-a59c-7286bd90af91&#8243; header_4_font=\u00bbMontserrat|700|||||||\u00bb header_4_text_color=\u00bb#29B8EC\u00bb header_4_font_size=\u00bb16px\u00bb text_orientation=\u00bbcenter\u00bb custom_margin=\u00bb||0px||false|false\u00bb locked=\u00bboff\u00bb global_colors_info=\u00bb{}\u00bb]<\/p>\n<h4>Atenci\u00f3n m\u00e9dica integral<\/h4>\n<p>[\/et_pb_text][et_pb_text _builder_version=\u00bb4.20.4&#8243; _module_preset=\u00bbf0d33320-48dd-4f0a-a312-cd15447127c5&#8243; text_font_size=\u00bb14px\u00bb text_line_height=\u00bb1.5em\u00bb text_orientation=\u00bbcenter\u00bb global_colors_info=\u00bb{}\u00bb]<\/p>\n<p>Lorem ipsum dolor sit amet, consectetur adipiscing elit. Donec sed finibus nisi, sed dictum eros.<\/p>\n<p>[\/et_pb_text][\/et_pb_column][et_pb_column type=\u00bb1_3&#8243; _builder_version=\u00bb4.22.1&#8243; _module_preset=\u00bbdefault\u00bb background_color=\u00bbgcid-924bddf2-c0ef-4ef9-b028-8630e1b50bab\u00bb custom_padding=\u00bb40px|40px|40px|40px|true|true\u00bb custom_padding_tablet=\u00bb30px|30px|30px|30px|true|true\u00bb custom_padding_phone=\u00bb20px|20px|20px|20px|true|true\u00bb custom_padding_last_edited=\u00bbon|desktop\u00bb border_radii=\u00bbon|10px|10px|10px|10px\u00bb global_colors_info=\u00bb{%22gcid-924bddf2-c0ef-4ef9-b028-8630e1b50bab%22:%91%22background_color%22%93}\u00bb][et_pb_icon font_icon=\u00bb&#xf77c;||fa||900&#8243; icon_color=\u00bb#29B8EC\u00bb icon_width=\u00bb40px\u00bb _builder_version=\u00bb4.20.4&#8243; _module_preset=\u00bbdefault\u00bb locked=\u00bboff\u00bb global_colors_info=\u00bb{}\u00bb][\/et_pb_icon][et_pb_text _builder_version=\u00bb4.20.4&#8243; _module_preset=\u00bb2685ffac-145c-4678-a59c-7286bd90af91&#8243; header_4_font=\u00bbMontserrat|700|||||||\u00bb header_4_text_color=\u00bb#29B8EC\u00bb header_4_font_size=\u00bb16px\u00bb text_orientation=\u00bbcenter\u00bb custom_margin=\u00bb||0px||false|false\u00bb locked=\u00bboff\u00bb global_colors_info=\u00bb{}\u00bb]<\/p>\n<h4>Control de ni\u00f1o sano<\/h4>\n<p>[\/et_pb_text][et_pb_text _builder_version=\u00bb4.20.4&#8243; _module_preset=\u00bbf0d33320-48dd-4f0a-a312-cd15447127c5&#8243; text_font_size=\u00bb14px\u00bb text_line_height=\u00bb1.5em\u00bb text_orientation=\u00bbcenter\u00bb global_colors_info=\u00bb{}\u00bb]<\/p>\n<p>Lorem ipsum dolor sit amet, consectetur adipiscing elit. Donec sed finibus nisi, sed dictum eros.<\/p>\n<p>[\/et_pb_text][\/et_pb_column][et_pb_column type=\u00bb1_3&#8243; _builder_version=\u00bb4.22.1&#8243; _module_preset=\u00bbdefault\u00bb background_color=\u00bbgcid-924bddf2-c0ef-4ef9-b028-8630e1b50bab\u00bb custom_padding=\u00bb40px|40px|40px|40px|true|true\u00bb custom_padding_tablet=\u00bb30px|30px|30px|30px|true|true\u00bb custom_padding_phone=\u00bb20px|20px|20px|20px|true|true\u00bb custom_padding_last_edited=\u00bbon|desktop\u00bb border_radii=\u00bbon|10px|10px|10px|10px\u00bb global_colors_info=\u00bb{%22gcid-924bddf2-c0ef-4ef9-b028-8630e1b50bab%22:%91%22background_color%22%93}\u00bb][et_pb_icon font_icon=\u00bb&#xf5d1;||fa||900&#8243; icon_color=\u00bb#29B8EC\u00bb icon_width=\u00bb40px\u00bb _builder_version=\u00bb4.20.4&#8243; _module_preset=\u00bbdefault\u00bb locked=\u00bboff\u00bb global_colors_info=\u00bb{}\u00bb][\/et_pb_icon][et_pb_text _builder_version=\u00bb4.20.4&#8243; _module_preset=\u00bb2685ffac-145c-4678-a59c-7286bd90af91&#8243; header_4_font=\u00bbMontserrat|700|||||||\u00bb header_4_text_color=\u00bb#29B8EC\u00bb header_4_font_size=\u00bb16px\u00bb text_orientation=\u00bbcenter\u00bb custom_margin=\u00bb||0px||false|false\u00bb locked=\u00bboff\u00bb global_colors_info=\u00bb{}\u00bb]<\/p>\n<h4>Nutrici\u00f3n<\/h4>\n<p>[\/et_pb_text][et_pb_text _builder_version=\u00bb4.20.4&#8243; _module_preset=\u00bbf0d33320-48dd-4f0a-a312-cd15447127c5&#8243; text_font_size=\u00bb14px\u00bb text_line_height=\u00bb1.5em\u00bb text_orientation=\u00bbcenter\u00bb global_colors_info=\u00bb{}\u00bb]<\/p>\n<p>Lorem ipsum dolor sit amet, consectetur adipiscing elit. Donec sed finibus nisi, sed dictum eros.<\/p>\n<p>[\/et_pb_text][\/et_pb_column][\/et_pb_row][et_pb_row column_structure=\u00bb1_4,1_4,1_4,1_4&#8243; make_equal=\u00bbon\u00bb custom_padding_last_edited=\u00bbon|tablet\u00bb _builder_version=\u00bb4.20.4&#8243; _module_preset=\u00bbdefault\u00bb custom_padding_tablet=\u00bb||0px||false|false\u00bb custom_padding_phone=\u00bb||0px||false|false\u00bb global_colors_info=\u00bb{}\u00bb][et_pb_column type=\u00bb1_4&#8243; _builder_version=\u00bb4.22.1&#8243; _module_preset=\u00bbdefault\u00bb background_color=\u00bbgcid-924bddf2-c0ef-4ef9-b028-8630e1b50bab\u00bb custom_padding=\u00bb40px|40px|40px|40px|true|true\u00bb custom_padding_tablet=\u00bb30px|30px|30px|30px|true|true\u00bb custom_padding_phone=\u00bb20px|20px|20px|20px|true|true\u00bb custom_padding_last_edited=\u00bbon|desktop\u00bb border_radii=\u00bbon|10px|10px|10px|10px\u00bb global_colors_info=\u00bb{%22gcid-924bddf2-c0ef-4ef9-b028-8630e1b50bab%22:%91%22background_color%22%93}\u00bb][et_pb_icon font_icon=\u00bb&#xf1ae;||fa||900&#8243; icon_color=\u00bb#29B8EC\u00bb icon_width=\u00bb40px\u00bb _builder_version=\u00bb4.20.4&#8243; _module_preset=\u00bbdefault\u00bb locked=\u00bboff\u00bb global_colors_info=\u00bb{}\u00bb][\/et_pb_icon][et_pb_text _builder_version=\u00bb4.20.4&#8243; _module_preset=\u00bb2685ffac-145c-4678-a59c-7286bd90af91&#8243; header_4_font=\u00bbMontserrat|700|||||||\u00bb header_4_text_color=\u00bb#29B8EC\u00bb header_4_font_size=\u00bb16px\u00bb text_orientation=\u00bbcenter\u00bb custom_margin=\u00bb||0px||false|false\u00bb locked=\u00bboff\u00bb global_colors_info=\u00bb{}\u00bb]<\/p>\n<h4>Crecimiento y desarrollo<\/h4>\n<p>[\/et_pb_text][et_pb_text _builder_version=\u00bb4.20.4&#8243; _module_preset=\u00bbf0d33320-48dd-4f0a-a312-cd15447127c5&#8243; text_font_size=\u00bb14px\u00bb text_line_height=\u00bb1.5em\u00bb text_orientation=\u00bbcenter\u00bb global_colors_info=\u00bb{}\u00bb]<\/p>\n<p>Lorem ipsum dolor sit amet, consectetur adipiscing elit. Donec sed finibus nisi, sed dictum eros.<\/p>\n<p>[\/et_pb_text][\/et_pb_column][et_pb_column type=\u00bb1_4&#8243; _builder_version=\u00bb4.22.1&#8243; _module_preset=\u00bbdefault\u00bb background_color=\u00bbgcid-924bddf2-c0ef-4ef9-b028-8630e1b50bab\u00bb custom_padding=\u00bb40px|40px|40px|40px|true|true\u00bb custom_padding_tablet=\u00bb30px|30px|30px|30px|true|true\u00bb custom_padding_phone=\u00bb20px|20px|20px|20px|true|true\u00bb custom_padding_last_edited=\u00bbon|desktop\u00bb border_radii=\u00bbon|10px|10px|10px|10px\u00bb global_colors_info=\u00bb{%22gcid-924bddf2-c0ef-4ef9-b028-8630e1b50bab%22:%91%22background_color%22%93}\u00bb][et_pb_icon font_icon=\u00bb&#xf5dc;||fa||900&#8243; icon_color=\u00bb#29B8EC\u00bb icon_width=\u00bb40px\u00bb _builder_version=\u00bb4.20.4&#8243; _module_preset=\u00bbdefault\u00bb locked=\u00bboff\u00bb global_colors_info=\u00bb{}\u00bb][\/et_pb_icon][et_pb_text _builder_version=\u00bb4.20.4&#8243; _module_preset=\u00bb2685ffac-145c-4678-a59c-7286bd90af91&#8243; header_4_font=\u00bbMontserrat|700|||||||\u00bb header_4_text_color=\u00bb#29B8EC\u00bb header_4_font_size=\u00bb16px\u00bb text_orientation=\u00bbcenter\u00bb custom_margin=\u00bb||0px||false|false\u00bb locked=\u00bboff\u00bb global_colors_info=\u00bb{}\u00bb]<\/p>\n<h4>Psicolog\u00eda infantil<\/h4>\n<p>[\/et_pb_text][et_pb_text _builder_version=\u00bb4.20.4&#8243; _module_preset=\u00bbf0d33320-48dd-4f0a-a312-cd15447127c5&#8243; text_font_size=\u00bb14px\u00bb text_line_height=\u00bb1.5em\u00bb text_orientation=\u00bbcenter\u00bb global_colors_info=\u00bb{}\u00bb]<\/p>\n<p>Lorem ipsum dolor sit amet, consectetur adipiscing elit. Donec sed finibus nisi, sed dictum eros.<\/p>\n<p>[\/et_pb_text][\/et_pb_column][et_pb_column type=\u00bb1_4&#8243; _builder_version=\u00bb4.22.1&#8243; _module_preset=\u00bbdefault\u00bb background_color=\u00bbgcid-924bddf2-c0ef-4ef9-b028-8630e1b50bab\u00bb custom_padding=\u00bb40px|40px|40px|40px|true|true\u00bb custom_padding_tablet=\u00bb30px|30px|30px|30px|true|true\u00bb custom_padding_phone=\u00bb20px|20px|20px|20px|true|true\u00bb custom_padding_last_edited=\u00bbon|desktop\u00bb border_radii=\u00bbon|10px|10px|10px|10px\u00bb global_colors_info=\u00bb{%22gcid-924bddf2-c0ef-4ef9-b028-8630e1b50bab%22:%91%22background_color%22%93}\u00bb][et_pb_icon font_icon=\u00bb&#xf48e;||fa||900&#8243; icon_color=\u00bb#29B8EC\u00bb icon_width=\u00bb40px\u00bb _builder_version=\u00bb4.20.4&#8243; _module_preset=\u00bbdefault\u00bb locked=\u00bboff\u00bb global_colors_info=\u00bb{}\u00bb][\/et_pb_icon][et_pb_text _builder_version=\u00bb4.20.4&#8243; _module_preset=\u00bb2685ffac-145c-4678-a59c-7286bd90af91&#8243; header_4_font=\u00bbMontserrat|700|||||||\u00bb header_4_text_color=\u00bb#29B8EC\u00bb header_4_font_size=\u00bb16px\u00bb text_orientation=\u00bbcenter\u00bb custom_margin=\u00bb||0px||false|false\u00bb locked=\u00bboff\u00bb global_colors_info=\u00bb{}\u00bb]<\/p>\n<h4>Aplicaci\u00f3n de vacunas<\/h4>\n<p>[\/et_pb_text][et_pb_text _builder_version=\u00bb4.20.4&#8243; _module_preset=\u00bbf0d33320-48dd-4f0a-a312-cd15447127c5&#8243; text_font_size=\u00bb14px\u00bb text_line_height=\u00bb1.5em\u00bb text_orientation=\u00bbcenter\u00bb global_colors_info=\u00bb{}\u00bb]<\/p>\n<p>Lorem ipsum dolor sit amet, consectetur adipiscing elit. Donec sed finibus nisi, sed dictum eros.<\/p>\n<p>[\/et_pb_text][\/et_pb_column][et_pb_column type=\u00bb1_4&#8243; _builder_version=\u00bb4.20.4&#8243; _module_preset=\u00bbdefault\u00bb background_color=\u00bb#7955DE\u00bb custom_padding=\u00bb40px|40px|40px|40px|true|true\u00bb custom_padding_tablet=\u00bb30px|30px|30px|30px|true|true\u00bb custom_padding_phone=\u00bb20px|20px|20px|20px|true|true\u00bb custom_padding_last_edited=\u00bbon|desktop\u00bb border_radii=\u00bbon|10px|10px|10px|10px\u00bb global_colors_info=\u00bb{}\u00bb][et_pb_icon font_icon=\u00bb&#x72;||divi||400&#8243; icon_color=\u00bb#FFFFFF\u00bb icon_width=\u00bb40px\u00bb _builder_version=\u00bb4.20.4&#8243; _module_preset=\u00bbdefault\u00bb locked=\u00bboff\u00bb global_colors_info=\u00bb{}\u00bb][\/et_pb_icon][et_pb_text _builder_version=\u00bb4.20.4&#8243; _module_preset=\u00bb2685ffac-145c-4678-a59c-7286bd90af91&#8243; header_4_font=\u00bbMontserrat|700|||||||\u00bb header_4_text_color=\u00bb#FFFFFF\u00bb header_4_font_size=\u00bb16px\u00bb text_orientation=\u00bbcenter\u00bb custom_margin=\u00bb||0px||false|false\u00bb locked=\u00bboff\u00bb global_colors_info=\u00bb{}\u00bb]<\/p>\n<h4>Urgencias m\u00e9dicas<\/h4>\n<p>[\/et_pb_text][et_pb_text _builder_version=\u00bb4.20.4&#8243; _module_preset=\u00bbf0d33320-48dd-4f0a-a312-cd15447127c5&#8243; text_text_color=\u00bb#FFFFFF\u00bb text_font_size=\u00bb14px\u00bb text_line_height=\u00bb1.5em\u00bb text_orientation=\u00bbcenter\u00bb global_colors_info=\u00bb{}\u00bb]<\/p>\n<p>En Hospital \u00e1ngeles y en la Beneficencia Espa\u00f1ola<\/p>\n<p>[\/et_pb_text][\/et_pb_column][\/et_pb_row][\/et_pb_section][et_pb_section fb_built=\u00bb1&#8243; admin_label=\u00bbServices\u00bb _builder_version=\u00bb4.22.1&#8243; _module_preset=\u00bbdefault\u00bb locked=\u00bboff\u00bb collapsed=\u00bbon\u00bb global_colors_info=\u00bb{}\u00bb][et_pb_row column_structure=\u00bb2_5,3_5&#8243; _builder_version=\u00bb4.22.1&#8243; _module_preset=\u00bbdefault\u00bb global_colors_info=\u00bb{}\u00bb][et_pb_column type=\u00bb2_5&#8243; _builder_version=\u00bb4.22.1&#8243; _module_preset=\u00bbdefault\u00bb global_colors_info=\u00bb{}\u00bb][et_pb_text _builder_version=\u00bb4.22.1&#8243; _module_preset=\u00bbe6c43689-7bb8-4f4e-b1d6-f7c9ec0d5502&#8243; custom_margin=\u00bb||10px||false|false\u00bb global_colors_info=\u00bb{}\u00bb]<\/p>\n<h4>Dental Care for The Whole Family<\/h4>\n<p>[\/et_pb_text][et_pb_text _builder_version=\u00bb4.22.1&#8243; _module_preset=\u00bbf0d33320-48dd-4f0a-a312-cd15447127c5&#8243; global_colors_info=\u00bb{}\u00bb]Quis blandit erat. Donec laoreet libero non metus volutpat consequat in vel metus. Sed non augue id felis pellentesque.[\/et_pb_text][et_pb_blurb title=\u00bbAdult Care\u00bb use_icon=\u00bbon\u00bb font_icon=\u00bb&#xf00c;||fa||900&#8243; _builder_version=\u00bb4.22.1&#8243; _module_preset=\u00bbf985ffb0-11d1-483a-a078-2674f7c9f9a5&#8243; header_text_color=\u00bbgcid-b58e2385-d7f3-4b8c-8c82-a83e7d966eb3&#8243; custom_margin=\u00bb||10px||false|false\u00bb locked=\u00bboff\u00bb global_colors_info=\u00bb{%22gcid-b58e2385-d7f3-4b8c-8c82-a83e7d966eb3%22:%91%22icon_color%22,%22header_text_color%22%93}\u00bb][\/et_pb_blurb][et_pb_blurb title=\u00bbChild Care\u00bb use_icon=\u00bbon\u00bb font_icon=\u00bb&#xf00c;||fa||900&#8243; _builder_version=\u00bb4.22.1&#8243; _module_preset=\u00bbf985ffb0-11d1-483a-a078-2674f7c9f9a5&#8243; header_text_color=\u00bbgcid-b58e2385-d7f3-4b8c-8c82-a83e7d966eb3&#8243; custom_margin=\u00bb||10px||false|false\u00bb locked=\u00bboff\u00bb global_colors_info=\u00bb{%22gcid-b58e2385-d7f3-4b8c-8c82-a83e7d966eb3%22:%91%22icon_color%22,%22header_text_color%22%93}\u00bb][\/et_pb_blurb][et_pb_blurb title=\u00bbOrthodontic Care\u00bb use_icon=\u00bbon\u00bb font_icon=\u00bb&#xf00c;||fa||900&#8243; _builder_version=\u00bb4.22.1&#8243; _module_preset=\u00bbf985ffb0-11d1-483a-a078-2674f7c9f9a5&#8243; header_text_color=\u00bbgcid-b58e2385-d7f3-4b8c-8c82-a83e7d966eb3&#8243; custom_margin=\u00bb||10px||false|false\u00bb locked=\u00bboff\u00bb global_colors_info=\u00bb{%22gcid-b58e2385-d7f3-4b8c-8c82-a83e7d966eb3%22:%91%22icon_color%22,%22header_text_color%22%93}\u00bb][\/et_pb_blurb][et_pb_blurb title=\u00bbOrthodontic Operations\u00bb use_icon=\u00bbon\u00bb font_icon=\u00bb&#xf00c;||fa||900&#8243; _builder_version=\u00bb4.22.1&#8243; _module_preset=\u00bbf985ffb0-11d1-483a-a078-2674f7c9f9a5&#8243; header_text_color=\u00bbgcid-b58e2385-d7f3-4b8c-8c82-a83e7d966eb3&#8243; custom_margin=\u00bb||10px||false|false\u00bb locked=\u00bboff\u00bb global_colors_info=\u00bb{%22gcid-b58e2385-d7f3-4b8c-8c82-a83e7d966eb3%22:%91%22icon_color%22,%22header_text_color%22%93}\u00bb][\/et_pb_blurb][et_pb_blurb title=\u00bbFamily Care\u00bb use_icon=\u00bbon\u00bb font_icon=\u00bb&#xf00c;||fa||900&#8243; _builder_version=\u00bb4.22.1&#8243; _module_preset=\u00bbf985ffb0-11d1-483a-a078-2674f7c9f9a5&#8243; header_text_color=\u00bbgcid-b58e2385-d7f3-4b8c-8c82-a83e7d966eb3&#8243; custom_margin=\u00bb||10px||false|false\u00bb locked=\u00bboff\u00bb global_colors_info=\u00bb{%22gcid-b58e2385-d7f3-4b8c-8c82-a83e7d966eb3%22:%91%22icon_color%22,%22header_text_color%22%93}\u00bb][\/et_pb_blurb][\/et_pb_column][et_pb_column type=\u00bb3_5&#8243; _builder_version=\u00bb4.22.1&#8243; _module_preset=\u00bbdefault\u00bb background_color=\u00bbgcid-d2f7d5ae-cc39-41f1-9136-c1002bc0f33e\u00bb custom_padding=\u00bb60px|60px|60px|60px|true|true\u00bb custom_padding_tablet=\u00bb30px|30px|30px|30px|true|true\u00bb custom_padding_phone=\u00bb20px|20px|20px|20px|true|true\u00bb custom_padding_last_edited=\u00bbon|desktop\u00bb border_radii=\u00bbon|20px|20px|20px|20px\u00bb global_colors_info=\u00bb{%22gcid-d2f7d5ae-cc39-41f1-9136-c1002bc0f33e%22:%91%22background_color%22%93}\u00bb][et_pb_text _builder_version=\u00bb4.22.1&#8243; _module_preset=\u00bb6f0b142e-9461-49bb-8aee-ac9b97fb9005&#8243; text_orientation=\u00bbcenter\u00bb custom_margin=\u00bb||10px||false|false\u00bb global_colors_info=\u00bb{}\u00bb]<\/p>\n<h2>We are A Full Service Dentistry Practice<\/h2>\n<p>[\/et_pb_text][et_pb_text _builder_version=\u00bb4.22.1&#8243; _module_preset=\u00bbf0d33320-48dd-4f0a-a312-cd15447127c5&#8243; text_orientation=\u00bbcenter\u00bb global_colors_info=\u00bb{}\u00bb]<\/p>\n<p>Vitae consequat augue. Vivamus eget dolor vel quam condimentum sodales in bibendum odio urna sit amet. Luctus lectus non quisque turpis bibendum posuere. Morbi tortor nibh, fringilla sed pretium sit amet. Fermentum nulla non justo aliquet, quis vehicula quam consequat duis ut hendrerit.<\/p>\n<p>[\/et_pb_text][\/et_pb_column][\/et_pb_row][\/et_pb_section]<\/p>\n","protected":false},"excerpt":{"rendered":"<p>Conoce nuestros servicios de Pediatr\u00edaAtenci\u00f3n m\u00e9dica integralLorem ipsum dolor sit amet, consectetur adipiscing elit. Donec sed finibus nisi, sed dictum eros.Control de ni\u00f1o sanoLorem ipsum dolor sit amet, consectetur adipiscing elit. Donec sed finibus nisi, sed dictum eros.Nutrici\u00f3nLorem ipsum dolor sit amet, consectetur adipiscing elit. Donec sed finibus nisi, sed dictum eros.Crecimiento y desarrolloLorem ipsum [&hellip;]<\/p>\n","protected":false},"author":1,"featured_media":0,"parent":0,"menu_order":0,"comment_status":"closed","ping_status":"closed","template":"","meta":{"_et_pb_use_builder":"on","_et_pb_old_content":"","_et_gb_content_width":"","footnotes":""},"class_list":["post-18","page","type-page","status-publish","hentry"],"_links":{"self":[{"href":"https:\/\/pediatramayra.com\/index.php\/wp-json\/wp\/v2\/pages\/18","targetHints":{"allow":["GET"]}}],"collection":[{"href":"https:\/\/pediatramayra.com\/index.php\/wp-json\/wp\/v2\/pages"}],"about":[{"href":"https:\/\/pediatramayra.com\/index.php\/wp-json\/wp\/v2\/types\/page"}],"author":[{"embeddable":true,"href":"https:\/\/pediatramayra.com\/index.php\/wp-json\/wp\/v2\/users\/1"}],"replies":[{"embeddable":true,"href":"https:\/\/pediatramayra.com\/index.php\/wp-json\/wp\/v2\/comments?post=18"}],"version-history":[{"count":7,"href":"https:\/\/pediatramayra.com\/index.php\/wp-json\/wp\/v2\/pages\/18\/revisions"}],"predecessor-version":[{"id":195,"href":"https:\/\/pediatramayra.com\/index.php\/wp-json\/wp\/v2\/pages\/18\/revisions\/195"}],"wp:attachment":[{"href":"https:\/\/pediatramayra.com\/index.php\/wp-json\/wp\/v2\/media?parent=18"}],"curies":[{"name":"wp","href":"https:\/\/api.w.org\/{rel}","templated":true}]}}